{"id":15553,"date":"2022-04-06T15:11:18","date_gmt":"2022-04-06T15:11:18","guid":{"rendered":"https:\/\/binder-foehl.de\/imprint\/"},"modified":"2025-03-27T15:57:20","modified_gmt":"2025-03-27T15:57:20","slug":"imprint","status":"publish","type":"page","link":"https:\/\/binder-foehl.de\/en\/imprint\/","title":{"rendered":"Imprint"},"content":{"rendered":"<p>[et_pb_section fb_built=&#8221;1&#8243; fullwidth=&#8221;on&#8221; _builder_version=&#8221;4.17.0&#8243; _module_preset=&#8221;default&#8221; global_colors_info=&#8221;{}&#8221;][et_pb_fullwidth_slider show_arrows=&#8221;off&#8221; show_pagination=&#8221;off&#8221; _builder_version=&#8221;4.17.0&#8243; _module_preset=&#8221;default&#8221; height_tablet=&#8221;&#8221; height_phone=&#8221;184px&#8221; height_last_edited=&#8221;on|phone&#8221; auto=&#8221;on&#8221; auto_speed=&#8221;5000&#8243; locked=&#8221;off&#8221; global_colors_info=&#8221;{}&#8221;][et_pb_slide heading=&#8221;ibf &#8211; Your partner in automation&#8221; _builder_version=&#8221;4.17.0&#8243; _module_preset=&#8221;default&#8221; header_level=&#8221;h2&#8243; background_color=&#8221;rgba(90,88,82,0.6)&#8221; background_enable_color=&#8221;on&#8221; background_image=&#8221;https:\/\/binder-foehl.de\/wp-content\/uploads\/2022\/04\/ibf_Location_03.jpg&#8221; background_enable_image=&#8221;on&#8221; background_blend=&#8221;darken&#8221; locked=&#8221;off&#8221; global_colors_info=&#8221;{}&#8221; sticky_transition=&#8221;on&#8221;][\/et_pb_slide][et_pb_slide heading=&#8221;Always focus on quality&#8221; _builder_version=&#8221;4.17.0&#8243; _module_preset=&#8221;default&#8221; background_color=&#8221;rgba(90,88,82,0.6)&#8221; background_enable_color=&#8221;on&#8221; background_image=&#8221;https:\/\/binder-foehl.de\/wp-content\/uploads\/2022\/04\/image3.jpg&#8221; background_enable_image=&#8221;on&#8221; background_blend=&#8221;darken&#8221; locked=&#8221;off&#8221; global_colors_info=&#8221;{}&#8221; sticky_transition=&#8221;on&#8221;][\/et_pb_slide][et_pb_slide heading=&#8221;Professionalism at the touch of a button&#8221; _builder_version=&#8221;4.17.0&#8243; _module_preset=&#8221;default&#8221; background_color=&#8221;rgba(90,88,82,0.6)&#8221; background_enable_color=&#8221;on&#8221; background_image=&#8221;https:\/\/binder-foehl.de\/wp-content\/uploads\/2022\/04\/image7.jpg&#8221; background_enable_image=&#8221;on&#8221; background_blend=&#8221;darken&#8221; locked=&#8221;off&#8221; global_colors_info=&#8221;{}&#8221; sticky_transition=&#8221;on&#8221;][\/et_pb_slide][et_pb_slide heading=&#8221;Future-proof workplace&#8221; _builder_version=&#8221;4.17.0&#8243; _module_preset=&#8221;default&#8221; background_color=&#8221;rgba(90,88,82,0.6)&#8221; background_enable_color=&#8221;on&#8221; background_image=&#8221;https:\/\/binder-foehl.de\/wp-content\/uploads\/2022\/04\/image1.jpg&#8221; background_enable_image=&#8221;on&#8221; background_blend=&#8221;darken&#8221; locked=&#8221;off&#8221; global_colors_info=&#8221;{}&#8221; sticky_transition=&#8221;on&#8221;][\/et_pb_slide][et_pb_slide heading=&#8221;Our controls deserve your predicate&#8221; _builder_version=&#8221;4.17.0&#8243; _module_preset=&#8221;default&#8221; background_color=&#8221;rgba(90,88,82,0.6)&#8221; background_enable_color=&#8221;on&#8221; background_image=&#8221;https:\/\/binder-foehl.de\/wp-content\/uploads\/2022\/04\/image4.jpg&#8221; background_enable_image=&#8221;on&#8221; background_blend=&#8221;darken&#8221; locked=&#8221;off&#8221; global_colors_info=&#8221;{}&#8221; sticky_transition=&#8221;on&#8221;][\/et_pb_slide][\/et_pb_fullwidth_slider][\/et_pb_section][et_pb_section fb_built=&#8221;1&#8243; _builder_version=&#8221;4.16.1&#8243; _module_preset=&#8221;default&#8221; global_colors_info=&#8221;{}&#8221;][et_pb_row _builder_version=&#8221;4.16.1&#8243; _module_preset=&#8221;default&#8221; global_colors_info=&#8221;{}&#8221;][et_pb_column type=&#8221;4_4&#8243; _builder_version=&#8221;4.16.1&#8243; _module_preset=&#8221;default&#8221; global_colors_info=&#8221;{}&#8221;][et_pb_text _builder_version=&#8221;4.20.2&#8243; _module_preset=&#8221;default&#8221; global_colors_info=&#8221;{}&#8221;]<\/p>\n<h1>Site Notice<\/h1>\n<h2>Information pursuant to Sect. 5 German Telemedia Act (TMG)<\/h2>\n<p>Ing. B\u00fcro Binder &amp; F\u00f6hl Automatisierungstechnik GmbH<br \/>Stegweg 13<br \/>72622 N\u00fcrtingen<\/p>\n<p>Commercial Register: HRB 225006<br \/>Registration court: Amtsgericht Stuttgart<\/p>\n<p><strong>Represented by:<\/strong><br \/>Frank Binder, Thomas F\u00f6hl, Simon Studener, Marco Tejkl<\/p>\n<h2>Contact<\/h2>\n<p>Phone: 07022-73860-0<br \/>Telefax: 07022-73860-19<br \/>E-mail: info@binder-foehl.de<\/p>\n<h2>VAT ID<\/h2>\n<p>Sales tax identification number according to Sect. 27 a of the Sales Tax Law:<br \/>DE210639916<\/p>\n<h2>Person responsible for editorial<\/h2>\n<p>Simon Studener &amp; Marco Tejkl<br \/>Stegweg 13<br \/>72622 N\u00fcrtingen<\/p>\n<h2>EU dispute resolution<\/h2>\n<p>The European Commission provides a platform for online dispute resolution (ODR): <a href=\"https:\/\/ec.europa.eu\/consumers\/odr\/\" target=\"_blank\" rel=\"noopener noreferrer\">https:\/\/ec.europa.eu\/consumers\/odr\/<\/a>.<br \/>Our e-mail address can be found above in the site notice.<\/p>\n<h2>Dispute resolution proceedings in front of a consumer arbitration board<\/h2>\n<p>We are not willing or obliged to participate in dispute resolution proceedings in front of a consumer arbitration board.<\/p>\n<p>[\/et_pb_text][\/et_pb_column][\/et_pb_row][et_pb_row _builder_version=&#8221;4.20.2&#8243; _module_preset=&#8221;default&#8221; global_colors_info=&#8221;{}&#8221;][et_pb_column type=&#8221;4_4&#8243; _builder_version=&#8221;4.20.2&#8243; _module_preset=&#8221;default&#8221; global_colors_info=&#8221;{}&#8221;][dsm_icon_list _builder_version=&#8221;4.20.2&#8243; _module_preset=&#8221;default&#8221; text_text_color=&#8221;#000000&#8243; global_colors_info=&#8221;{}&#8221;][dsm_icon_list_child text=&#8221;Designed by LK-Consulting&#8221; use_icon=&#8221;off&#8221; image=&#8221;https:\/\/binder-foehl.de\/wp-content\/uploads\/2023\/03\/LK-Consulting_Logo.png&#8221; alt=&#8221;LK-Consulting_Logo&#8221; url=&#8221;https:\/\/lk-consulting.org&#8221; url_new_window=&#8221;on&#8221; _builder_version=&#8221;4.20.2&#8243; _module_preset=&#8221;default&#8221; global_colors_info=&#8221;{}&#8221;][\/dsm_icon_list_child][\/dsm_icon_list][\/et_pb_column][\/et_pb_row][\/et_pb_section]<\/p>\n","protected":false},"excerpt":{"rendered":"<p>Site Notice Information pursuant to Sect. 5 German Telemedia Act (TMG) Ing. B\u00fcro Binder &amp; F\u00f6hl Automatisierungstechnik GmbHStegweg 1372622 N\u00fcrtingen Commercial Register: HRB 225006Registration court: Amtsgericht Stuttgart Represented by:Frank Binder, Thomas F\u00f6hl, Simon Studener, Marco Tejkl Contact Phone: 07022-73860-0Telefax: 07022-73860-19E-mail: info@binder-foehl.de VAT ID Sales tax identification number according to Sect. 27 a of the Sales Tax Law:DE210639916 Person responsible for editorial Simon Studener &amp; Marco TejklStegweg 1372622 N\u00fcrtingen EU dispute resolution The European Commission provides a platform for online dispute resolution (ODR): https:\/\/ec.europa.eu\/consumers\/odr\/.Our e-mail address can be found above in the site notice. Dispute resolution proceedings in front of a consumer arbitration board We are not willing or obliged to participate in dispute resolution proceedings in front of a consumer arbitration board.<div class=\"et_pb_module dsm_icon_list dsm_icon_list_0\">\n\t\t\t\t\n\t\t\t\t\n\t\t\t\t\n\t\t\t\t\n\t\t\t\t\n\t\t\t\t\n\t\t\t\t<div class=\"et_pb_module_inner\">\n\t\t\t\t\t<ul class=\"dsm_icon_list_items dsm_icon_list_ltr_direction dsm_icon_list_layout_vertical\"><li class=\"dsm_icon_list_child dsm_icon_list_child_0\">\n\t\t\t\t\n\t\t\t\t\n\t\t\t\t\n\t\t\t\t\n\t\t\t\t<a href=\"https:\/\/lk-consulting.org\" target=\"_blank\"><span class=\"dsm_icon_list_wrapper\"><span class=\"dsm_icon_list_image\"><img decoding=\"async\" src=\"https:\/\/binder-foehl.de\/wp-content\/uploads\/2023\/03\/LK-Consulting_Logo.png\" alt=\"LK-Consulting_Logo\" \/><\/span><\/span><span class=\"dsm_icon_list_text\">Designed by LK-Consulting<\/span><\/a>\n\t\t\t<\/li><\/ul>\n\t\t\t\t<\/div>\n\t\t\t<\/div><\/p>\n","protected":false},"author":1,"featured_media":0,"parent":0,"menu_order":0,"comment_status":"closed","ping_status":"closed","template":"","meta":{"_et_pb_use_builder":"on","_et_pb_old_content":"","_et_gb_content_width":"","footnotes":""},"class_list":["post-15553","page","type-page","status-publish","hentry"],"_links":{"self":[{"href":"https:\/\/binder-foehl.de\/en\/wp-json\/wp\/v2\/pages\/15553","targetHints":{"allow":["GET"]}}],"collection":[{"href":"https:\/\/binder-foehl.de\/en\/wp-json\/wp\/v2\/pages"}],"about":[{"href":"https:\/\/binder-foehl.de\/en\/wp-json\/wp\/v2\/types\/page"}],"author":[{"embeddable":true,"href":"https:\/\/binder-foehl.de\/en\/wp-json\/wp\/v2\/users\/1"}],"replies":[{"embeddable":true,"href":"https:\/\/binder-foehl.de\/en\/wp-json\/wp\/v2\/comments?post=15553"}],"version-history":[{"count":7,"href":"https:\/\/binder-foehl.de\/en\/wp-json\/wp\/v2\/pages\/15553\/revisions"}],"predecessor-version":[{"id":15819,"href":"https:\/\/binder-foehl.de\/en\/wp-json\/wp\/v2\/pages\/15553\/revisions\/15819"}],"wp:attachment":[{"href":"https:\/\/binder-foehl.de\/en\/wp-json\/wp\/v2\/media?parent=15553"}],"curies":[{"name":"wp","href":"https:\/\/api.w.org\/{rel}","templated":true}]}}