{"id":15548,"date":"2023-03-17T16:42:19","date_gmt":"2023-03-17T15:42:19","guid":{"rendered":"https:\/\/binder-foehl.de\/downloads\/"},"modified":"2023-03-24T16:11:46","modified_gmt":"2023-03-24T16:11:46","slug":"downloads","status":"publish","type":"page","link":"https:\/\/binder-foehl.de\/en\/downloads\/","title":{"rendered":"Downloads"},"content":{"rendered":"<p>[et_pb_section fb_built=&#8221;1&#8243; fullwidth=&#8221;on&#8221; _builder_version=&#8221;4.16.1&#8243; _module_preset=&#8221;default&#8221; height_tablet=&#8221;&#8221; height_phone=&#8221;&#8221; height_last_edited=&#8221;on|phone&#8221; global_colors_info=&#8221;{}&#8221;][et_pb_fullwidth_slider show_arrows=&#8221;off&#8221; show_pagination=&#8221;off&#8221; _builder_version=&#8221;4.17.0&#8243; _module_preset=&#8221;default&#8221; height_tablet=&#8221;&#8221; height_phone=&#8221;184px&#8221; height_last_edited=&#8221;on|phone&#8221; auto=&#8221;on&#8221; auto_speed=&#8221;5000&#8243; locked=&#8221;off&#8221; global_colors_info=&#8221;{}&#8221;][et_pb_slide heading=&#8221;ibf &#8211; Your partner in automation&#8221; _builder_version=&#8221;4.17.0&#8243; _module_preset=&#8221;default&#8221; header_level=&#8221;h2&#8243; background_color=&#8221;rgba(90,88,82,0.6)&#8221; background_enable_color=&#8221;on&#8221; background_image=&#8221;https:\/\/binder-foehl.de\/wp-content\/uploads\/2022\/04\/ibf_Location_03.jpg&#8221; background_enable_image=&#8221;on&#8221; background_blend=&#8221;darken&#8221; locked=&#8221;off&#8221; global_colors_info=&#8221;{}&#8221; sticky_transition=&#8221;on&#8221;][\/et_pb_slide][et_pb_slide heading=&#8221;Always focus on quality&#8221; _builder_version=&#8221;4.17.0&#8243; _module_preset=&#8221;default&#8221; background_color=&#8221;rgba(90,88,82,0.6)&#8221; background_enable_color=&#8221;on&#8221; background_image=&#8221;https:\/\/binder-foehl.de\/wp-content\/uploads\/2022\/04\/image3.jpg&#8221; background_enable_image=&#8221;on&#8221; background_blend=&#8221;darken&#8221; locked=&#8221;off&#8221; global_colors_info=&#8221;{}&#8221; sticky_transition=&#8221;on&#8221;][\/et_pb_slide][et_pb_slide heading=&#8221;Professionalism at the touch of a button&#8221; _builder_version=&#8221;4.17.0&#8243; _module_preset=&#8221;default&#8221; background_color=&#8221;rgba(90,88,82,0.6)&#8221; background_enable_color=&#8221;on&#8221; background_image=&#8221;https:\/\/binder-foehl.de\/wp-content\/uploads\/2022\/04\/image7.jpg&#8221; background_enable_image=&#8221;on&#8221; background_blend=&#8221;darken&#8221; locked=&#8221;off&#8221; global_colors_info=&#8221;{}&#8221; sticky_transition=&#8221;on&#8221;][\/et_pb_slide][et_pb_slide heading=&#8221;Future-proof workplace&#8221; _builder_version=&#8221;4.17.0&#8243; _module_preset=&#8221;default&#8221; background_color=&#8221;rgba(90,88,82,0.6)&#8221; background_enable_color=&#8221;on&#8221; background_image=&#8221;https:\/\/binder-foehl.de\/wp-content\/uploads\/2022\/04\/image1.jpg&#8221; background_enable_image=&#8221;on&#8221; background_blend=&#8221;darken&#8221; locked=&#8221;off&#8221; global_colors_info=&#8221;{}&#8221; sticky_transition=&#8221;on&#8221;][\/et_pb_slide][et_pb_slide heading=&#8221;Our controls deserve your predicate&#8221; _builder_version=&#8221;4.17.0&#8243; _module_preset=&#8221;default&#8221; background_color=&#8221;rgba(90,88,82,0.6)&#8221; background_enable_color=&#8221;on&#8221; background_image=&#8221;https:\/\/binder-foehl.de\/wp-content\/uploads\/2022\/04\/image4.jpg&#8221; background_enable_image=&#8221;on&#8221; background_blend=&#8221;darken&#8221; locked=&#8221;off&#8221; global_colors_info=&#8221;{}&#8221; sticky_transition=&#8221;on&#8221;][\/et_pb_slide][\/et_pb_fullwidth_slider][\/et_pb_section][et_pb_section fb_built=&#8221;1&#8243; _builder_version=&#8221;4.16.1&#8243; _module_preset=&#8221;default&#8221; custom_padding=&#8221;20px||20px||true|false&#8221; global_colors_info=&#8221;{}&#8221;][et_pb_row _builder_version=&#8221;4.16.1&#8243; _module_preset=&#8221;default&#8221; custom_padding=&#8221;||0px||false|false&#8221; global_colors_info=&#8221;{}&#8221;][et_pb_column type=&#8221;4_4&#8243; _builder_version=&#8221;4.16.1&#8243; _module_preset=&#8221;default&#8221; global_colors_info=&#8221;{}&#8221;][et_pb_text _builder_version=&#8221;4.20.2&#8243; _module_preset=&#8221;default&#8221; header_font=&#8221;||||||||&#8221; header_text_align=&#8221;center&#8221; header_text_color=&#8221;#200F4E&#8221; header_line_height=&#8221;1.3em&#8221; header_font_size_tablet=&#8221;&#8221; header_font_size_phone=&#8221;20px&#8221; header_font_size_last_edited=&#8221;on|desktop&#8221; global_colors_info=&#8221;{}&#8221;]<\/p>\n<h1>Downloads about our products and services<\/h1>\n<p>[\/et_pb_text][et_pb_divider _builder_version=&#8221;4.16.1&#8243; _module_preset=&#8221;default&#8221; global_colors_info=&#8221;{}&#8221;][\/et_pb_divider][\/et_pb_column][\/et_pb_row][\/et_pb_section][et_pb_section fb_built=&#8221;1&#8243; _builder_version=&#8221;4.17.0&#8243; _module_preset=&#8221;default&#8221; background_color=&#8221;RGBA(255,255,255,0)&#8221; custom_padding=&#8221;0px||||false|false&#8221; global_colors_info=&#8221;{}&#8221;][et_pb_row column_structure=&#8221;1_2,1_4,1_4&#8243; _builder_version=&#8221;4.20.2&#8243; _module_preset=&#8221;default&#8221; global_colors_info=&#8221;{}&#8221;][et_pb_column type=&#8221;1_2&#8243; _builder_version=&#8221;4.20.2&#8243; _module_preset=&#8221;default&#8221; global_colors_info=&#8221;{}&#8221;][et_pb_text _builder_version=&#8221;4.20.2&#8243; _module_preset=&#8221;default&#8221; text_orientation=&#8221;center&#8221; global_colors_info=&#8221;{}&#8221;]<\/p>\n<h3>Presentation engineering office<br \/>Binder &amp; F\u00f6hl<\/h3>\n<p>[\/et_pb_text][et_pb_image _builder_version=&#8221;4.20.2&#8243; _module_preset=&#8221;default&#8221; alt=&#8221;Firmenvorstellung Ingenieurb\u00fcro Binder &#038; F\u00f6hl&#8221; title_text=&#8221;Firmenvorstellung Ingenieurb\u00fcro Binder &#038; F\u00f6hl&#8221; src=&#8221;https:\/\/binder-foehl.de\/wp-content\/uploads\/2023\/03\/IBF_Vorstellung_Seite_1-scaled.jpg&#8221; hover_enabled=&#8221;0&#8243; sticky_enabled=&#8221;0&#8243;][\/et_pb_image][et_pb_button button_url=&#8221;https:\/\/binder-foehl.de\/wp-content\/uploads\/2023\/03\/IBF_Vorstellung.pdf&#8221; button_text=&#8221;Download PDF&#8221; button_alignment=&#8221;center&#8221; module_class=&#8221;et-download-button&#8221; _builder_version=&#8221;4.20.2&#8243; _module_preset=&#8221;default&#8221; custom_button=&#8221;on&#8221; button_text_size=&#8221;18px&#8221; button_text_color=&#8221;#FFFFFF&#8221; button_bg_color=&#8221;#200F4E&#8221; button_border_width=&#8221;0px&#8221; button_use_icon=&#8221;off&#8221; custom_margin=&#8221;5px||5px||true|false&#8221; custom_padding=&#8221;0px||0px||true|false&#8221; box_shadow_style=&#8221;preset1&#8243; global_colors_info=&#8221;{}&#8221; button_text_color__hover=&#8221;#200F4E&#8221; button_text_color__hover_enabled=&#8221;on|hover&#8221; button_bg_color__hover=&#8221;#FFFFFF&#8221; button_bg_color__hover_enabled=&#8221;on|hover&#8221;][\/et_pb_button][et_pb_code _builder_version=&#8221;4.20.2&#8243; _module_preset=&#8221;default&#8221; global_colors_info=&#8221;{}&#8221;]<script><!-- [et_pb_line_break_holder] -->jQuery(document).ready(function() {<!-- [et_pb_line_break_holder] -->  var downloadButton = jQuery('.et-download-button');<!-- [et_pb_line_break_holder] -->    <!-- [et_pb_line_break_holder] -->  downloadButton.each(function(index) {<!-- [et_pb_line_break_holder] -->    jQuery(this).attr('download', '');<!-- [et_pb_line_break_holder] -->  });<!-- [et_pb_line_break_holder] -->});<!-- [et_pb_line_break_holder] --><\/script>[\/et_pb_code][\/et_pb_column][et_pb_column type=&#8221;1_4&#8243; _builder_version=&#8221;4.20.2&#8243; _module_preset=&#8221;default&#8221; global_colors_info=&#8221;{}&#8221;][et_pb_text _builder_version=&#8221;4.20.2&#8243; _module_preset=&#8221;default&#8221; text_orientation=&#8221;center&#8221; global_colors_info=&#8221;{}&#8221;]<\/p>\n<h3>T\u00dcV Certificate (German)<\/h3>\n<p>[\/et_pb_text][et_pb_image src=&#8221;https:\/\/binder-foehl.de\/wp-content\/uploads\/2023\/03\/32858ms_de_2022-scaled.jpg&#8221; alt=&#8221;T\u00dcV Certificate Binder &#038; F\u00f6hl 32858ms_en_2022&#8243; title_text=&#8221;T\u00dcV Certificate Binder &#038; F\u00f6hl 32858ms_en_2022&#8243; url=&#8221;https:\/\/binder-foehl.de\/wp-content\/uploads\/2023\/03\/32858ms_de_2022.pdf&#8221; url_new_window=&#8221;on&#8221; align=&#8221;center&#8221; _builder_version=&#8221;4.20.2&#8243; _module_preset=&#8221;default&#8221; global_colors_info=&#8221;{}&#8221;][\/et_pb_image][\/et_pb_column][et_pb_column type=&#8221;1_4&#8243; _builder_version=&#8221;4.20.2&#8243; _module_preset=&#8221;default&#8221; global_colors_info=&#8221;{}&#8221;][et_pb_text _builder_version=&#8221;4.20.2&#8243; _module_preset=&#8221;default&#8221; text_orientation=&#8221;center&#8221; global_colors_info=&#8221;{}&#8221;]<\/p>\n<h3>T\u00dcV Certificate (English)<\/h3>\n<p>[\/et_pb_text][et_pb_image src=&#8221;https:\/\/binder-foehl.de\/wp-content\/uploads\/2023\/03\/32858ms_en_2022-scaled.jpg&#8221; alt=&#8221;T\u00dcV Certificate Binder &#038; F\u00f6hl 32858ms_en_2022&#8243; title_text=&#8221;T\u00dcV Certificate Binder &#038; F\u00f6hl 32858ms_en_2022&#8243; url=&#8221;https:\/\/binder-foehl.de\/wp-content\/uploads\/2023\/03\/32858ms_en_2022.pdf&#8221; url_new_window=&#8221;on&#8221; _builder_version=&#8221;4.20.2&#8243; _module_preset=&#8221;default&#8221; custom_margin=&#8221;10px||||false|false&#8221; global_colors_info=&#8221;{}&#8221;][\/et_pb_image][\/et_pb_column][\/et_pb_row][\/et_pb_section]<\/p>\n","protected":false},"excerpt":{"rendered":"<p>Downloads about our products and servicesPresentation engineering officeBinder &amp; F\u00f6hlT\u00dcV Certificate (German)T\u00dcV Certificate (English)<\/p>\n","protected":false},"author":1,"featured_media":0,"parent":0,"menu_order":0,"comment_status":"closed","ping_status":"closed","template":"","meta":{"_et_pb_use_builder":"on","_et_pb_old_content":"","_et_gb_content_width":"","footnotes":""},"class_list":["post-15548","page","type-page","status-publish","hentry"],"_links":{"self":[{"href":"https:\/\/binder-foehl.de\/en\/wp-json\/wp\/v2\/pages\/15548","targetHints":{"allow":["GET"]}}],"collection":[{"href":"https:\/\/binder-foehl.de\/en\/wp-json\/wp\/v2\/pages"}],"about":[{"href":"https:\/\/binder-foehl.de\/en\/wp-json\/wp\/v2\/types\/page"}],"author":[{"embeddable":true,"href":"https:\/\/binder-foehl.de\/en\/wp-json\/wp\/v2\/users\/1"}],"replies":[{"embeddable":true,"href":"https:\/\/binder-foehl.de\/en\/wp-json\/wp\/v2\/comments?post=15548"}],"version-history":[{"count":11,"href":"https:\/\/binder-foehl.de\/en\/wp-json\/wp\/v2\/pages\/15548\/revisions"}],"predecessor-version":[{"id":15670,"href":"https:\/\/binder-foehl.de\/en\/wp-json\/wp\/v2\/pages\/15548\/revisions\/15670"}],"wp:attachment":[{"href":"https:\/\/binder-foehl.de\/en\/wp-json\/wp\/v2\/media?parent=15548"}],"curies":[{"name":"wp","href":"https:\/\/api.w.org\/{rel}","templated":true}]}}